{"id":18219,"date":"2021-08-29T13:13:30","date_gmt":"2021-08-29T11:13:30","guid":{"rendered":"https:\/\/dorfgemeinschaft-bremke.de\/wordpress\/?page_id=18219"},"modified":"2021-10-03T20:03:49","modified_gmt":"2021-10-03T18:03:49","slug":"fahrrad","status":"publish","type":"page","link":"https:\/\/dorfgemeinschaft-bremke.de\/wordpress\/?page_id=18219","title":{"rendered":"Fahrrad"},"content":{"rendered":"<div class=\"fsn-row full-width-row fsn-69e648a328cbb light\" style=\"background-repeat:repeat;background-position:left top;background-attachment:scroll;background-size:auto;\"><div class=\"container-fluid\"><div class=\"row\"><div class=\"col-sm-12\"><div class=\"fsn-column-inner fsn-69e648a328d4f light\"><div class=\"fsn-text fsn-69e648a328dc3\">\n<p style=\"text-align: center;\"><strong><span style=\"font-size: 18pt;\">Unsere Fahrrad-Sparte<\/span><\/strong><\/p>\n<p style=\"text-align: center;\">&nbsp;<\/p>\n<\/div><div class=\"fsn-row full-width-row fsn-69e648a328dd6 light\" style=\"background-repeat:repeat;background-position:left top;background-attachment:scroll;background-size:auto;\"><div class=\"container-fluid\"><div class=\"row\"><div class=\"col-sm-6\"><div class=\"fsn-column-inner fsn-69e648a328e3b light\"><div class=\"fsn-text fsn-69e648a328e83\">\n<p><span style=\"font-size: 14pt;\">Die Fahrrad-Sparte organisiert eine j\u00e4hrliche Fahrradtour, bei der die Bremker mit ihren E- und Muskelbikes die Strecke unter die R\u00e4der nehmen und auch Strecken kennenlernen, die man sonst mit dem Auto nie befahren w\u00fcrde.&nbsp;<\/span><\/p>\n<p><span style=\"font-size: 14pt;\">Seit geraumer Zeit sind die Bergd\u00f6rfer auch aktiver beteiligt an der Aktion &#8222;Stadtradeln&#8220;, zu dem die Gemeinde Extertal jedes Jahr im Namen der Kampagne &#8222;Klima-B\u00fcndnis&#8220; dazu aufruft in Teams Kilometer mit dem Fahrrad zu sammeln und gegen andere anzutreten.<\/span><\/p>\n<\/div><\/div><\/div><div class=\"col-sm-6\"><div class=\"fsn-column-inner fsn-69e648a328e9c light\"><div class=\"fsn-text fsn-69e648a328ee3\">\n<p style=\"text-align: center;\"><div id=\"bdpp-post-carousel-wrap-1\" class=\"bdpp-wrap bdpp-lite bdpp-post-carousel-wrap owl-carousel bdpp-design-1 bdpp-has-arrows bdpp-clearfix\" data-conf=\"{&quot;slide_show&quot;:2,&quot;slide_scroll&quot;:1,&quot;loop&quot;:true,&quot;arrows&quot;:true,&quot;dots&quot;:true,&quot;autoplay&quot;:false,&quot;autoplay_interval&quot;:5000,&quot;speed&quot;:false}\"><div class=\"bdpp-post-slide bdpp-post-19408 bdpp-post-standard bdpp-has-thumb\">\r\n\t<div class=\"bdpp-post-carousel-content\">\r\n\t\t\t\t<div class=\"bdpp-post-img-bg\">\r\n\t\t\t<a href=\"https:\/\/dorfgemeinschaft-bremke.de\/wordpress\/?p=19408\">\r\n\t\t\t\t<img decoding=\"async\" class=\"bdpp-img bdpp-post-feat-img\" src=\"https:\/\/dorfgemeinschaft-bremke.de\/wordpress\/wp-content\/uploads\/2023\/04\/Stadtradeln-1.png\" alt=\"Stadtradeln 2024\" \/>\r\n\t\t\t\t\t\t\t<\/a>\r\n\t\t<\/div>\r\n\t\t\r\n\t\t<h2 class=\"bdpp-post-title\">\r\n\t\t\t<a href=\"https:\/\/dorfgemeinschaft-bremke.de\/wordpress\/?p=19408\">Stadtradeln 2024<\/a>\r\n\t\t<\/h2>\r\n\r\n\t\t\t\t\t<div class=\"bdpp-post-meta bdpp-post-meta-up\">\r\n\t\t\t\t<span class=\"bdpp-post-meta-data bdpp-post-date\"><i class=\"fa fa-clock-o\"><\/i>8. Juni 2024<\/span>\t\t\t<\/div>\r\n\t\t\t<\/div>\r\n<\/div><div class=\"bdpp-post-slide bdpp-post-18933 bdpp-post-standard bdpp-has-thumb\">\r\n\t<div class=\"bdpp-post-carousel-content\">\r\n\t\t\t\t<div class=\"bdpp-post-img-bg\">\r\n\t\t\t<a href=\"https:\/\/dorfgemeinschaft-bremke.de\/wordpress\/?p=18933\">\r\n\t\t\t\t<img decoding=\"async\" class=\"bdpp-img bdpp-post-feat-img\" src=\"https:\/\/dorfgemeinschaft-bremke.de\/wordpress\/wp-content\/uploads\/2022\/10\/IMG_0959_Ho.jpg\" alt=\"Fahrradtour 2022\" \/>\r\n\t\t\t\t\t\t\t<\/a>\r\n\t\t<\/div>\r\n\t\t\r\n\t\t<h2 class=\"bdpp-post-title\">\r\n\t\t\t<a href=\"https:\/\/dorfgemeinschaft-bremke.de\/wordpress\/?p=18933\">Fahrradtour 2022<\/a>\r\n\t\t<\/h2>\r\n\r\n\t\t\t\t\t<div class=\"bdpp-post-meta bdpp-post-meta-up\">\r\n\t\t\t\t<span class=\"bdpp-post-meta-data bdpp-post-date\"><i class=\"fa fa-clock-o\"><\/i>11. September 2022<\/span>\t\t\t<\/div>\r\n\t\t\t<\/div>\r\n<\/div><div class=\"bdpp-post-slide bdpp-post-17595 bdpp-post-standard bdpp-has-thumb\">\r\n\t<div class=\"bdpp-post-carousel-content\">\r\n\t\t\t\t<div class=\"bdpp-post-img-bg\">\r\n\t\t\t<a href=\"https:\/\/dorfgemeinschaft-bremke.de\/wordpress\/?p=17595\">\r\n\t\t\t\t<img decoding=\"async\" class=\"bdpp-img bdpp-post-feat-img\" src=\"https:\/\/dorfgemeinschaft-bremke.de\/wordpress\/wp-content\/uploads\/2020\/08\/P1000169_Ho.jpg\" alt=\"Fahrradtour 2020\" \/>\r\n\t\t\t\t\t\t\t<\/a>\r\n\t\t<\/div>\r\n\t\t\r\n\t\t<h2 class=\"bdpp-post-title\">\r\n\t\t\t<a href=\"https:\/\/dorfgemeinschaft-bremke.de\/wordpress\/?p=17595\">Fahrradtour 2020<\/a>\r\n\t\t<\/h2>\r\n\r\n\t\t\t\t\t<div class=\"bdpp-post-meta bdpp-post-meta-up\">\r\n\t\t\t\t<span class=\"bdpp-post-meta-data bdpp-post-date\"><i class=\"fa fa-clock-o\"><\/i>23. August 2020<\/span>\t\t\t<\/div>\r\n\t\t\t<\/div>\r\n<\/div><div class=\"bdpp-post-slide bdpp-post-14992 bdpp-post-standard bdpp-has-thumb\">\r\n\t<div class=\"bdpp-post-carousel-content\">\r\n\t\t\t\t<div class=\"bdpp-post-img-bg\">\r\n\t\t\t<a href=\"https:\/\/dorfgemeinschaft-bremke.de\/wordpress\/?p=14992\">\r\n\t\t\t\t<img decoding=\"async\" class=\"bdpp-img bdpp-post-feat-img\" src=\"https:\/\/dorfgemeinschaft-bremke.de\/wordpress\/wp-content\/uploads\/2018\/09\/2018-09-02_Fahrradtour.jpg\" alt=\"Fahrradtour 2018\" \/>\r\n\t\t\t\t\t\t\t<\/a>\r\n\t\t<\/div>\r\n\t\t\r\n\t\t<h2 class=\"bdpp-post-title\">\r\n\t\t\t<a href=\"https:\/\/dorfgemeinschaft-bremke.de\/wordpress\/?p=14992\">Fahrradtour 2018<\/a>\r\n\t\t<\/h2>\r\n\r\n\t\t\t\t\t<div class=\"bdpp-post-meta bdpp-post-meta-up\">\r\n\t\t\t\t<span class=\"bdpp-post-meta-data bdpp-post-date\"><i class=\"fa fa-clock-o\"><\/i>2. September 2018<\/span>\t\t\t<\/div>\r\n\t\t\t<\/div>\r\n<\/div><div class=\"bdpp-post-slide bdpp-post-13523 bdpp-post-standard bdpp-has-thumb\">\r\n\t<div class=\"bdpp-post-carousel-content\">\r\n\t\t\t\t<div class=\"bdpp-post-img-bg\">\r\n\t\t\t<a href=\"https:\/\/dorfgemeinschaft-bremke.de\/wordpress\/?p=13523\">\r\n\t\t\t\t<img decoding=\"async\" class=\"bdpp-img bdpp-post-feat-img\" src=\"https:\/\/dorfgemeinschaft-bremke.de\/wordpress\/wp-content\/uploads\/2017\/08\/2017-08-27_Fahrradtour.jpg\" alt=\"Bremker radeln bei Bilderbuchwetter &#8211; Fahrradtour 2017\" \/>\r\n\t\t\t\t\t\t\t<\/a>\r\n\t\t<\/div>\r\n\t\t\r\n\t\t<h2 class=\"bdpp-post-title\">\r\n\t\t\t<a href=\"https:\/\/dorfgemeinschaft-bremke.de\/wordpress\/?p=13523\">Bremker radeln bei Bilderbuchwetter &#8211; Fahrradtour 2017<\/a>\r\n\t\t<\/h2>\r\n\r\n\t\t\t\t\t<div class=\"bdpp-post-meta bdpp-post-meta-up\">\r\n\t\t\t\t<span class=\"bdpp-post-meta-data bdpp-post-date\"><i class=\"fa fa-clock-o\"><\/i>27. August 2017<\/span>\t\t\t<\/div>\r\n\t\t\t<\/div>\r\n<\/div><div class=\"bdpp-post-slide bdpp-post-12579 bdpp-post-standard bdpp-has-thumb\">\r\n\t<div class=\"bdpp-post-carousel-content\">\r\n\t\t\t\t<div class=\"bdpp-post-img-bg\">\r\n\t\t\t<a href=\"https:\/\/dorfgemeinschaft-bremke.de\/wordpress\/?p=12579\">\r\n\t\t\t\t<img decoding=\"async\" class=\"bdpp-img bdpp-post-feat-img\" src=\"https:\/\/dorfgemeinschaft-bremke.de\/wordpress\/wp-content\/uploads\/2016\/08\/2016-08-28_Fahrradtour.jpg\" alt=\"Fahrradtour 2016\" \/>\r\n\t\t\t\t\t\t\t<\/a>\r\n\t\t<\/div>\r\n\t\t\r\n\t\t<h2 class=\"bdpp-post-title\">\r\n\t\t\t<a href=\"https:\/\/dorfgemeinschaft-bremke.de\/wordpress\/?p=12579\">Fahrradtour 2016<\/a>\r\n\t\t<\/h2>\r\n\r\n\t\t\t\t\t<div class=\"bdpp-post-meta bdpp-post-meta-up\">\r\n\t\t\t\t<span class=\"bdpp-post-meta-data bdpp-post-date\"><i class=\"fa fa-clock-o\"><\/i>28. August 2016<\/span>\t\t\t<\/div>\r\n\t\t\t<\/div>\r\n<\/div><div class=\"bdpp-post-slide bdpp-post-12097 bdpp-post-standard bdpp-has-thumb\">\r\n\t<div class=\"bdpp-post-carousel-content\">\r\n\t\t\t\t<div class=\"bdpp-post-img-bg\">\r\n\t\t\t<a href=\"https:\/\/dorfgemeinschaft-bremke.de\/wordpress\/?p=12097\">\r\n\t\t\t\t<img decoding=\"async\" class=\"bdpp-img bdpp-post-feat-img\" src=\"https:\/\/dorfgemeinschaft-bremke.de\/wordpress\/wp-content\/uploads\/2015\/09\/2015-09-17_Fahrradtour.jpg\" alt=\"Fahrradtour 2015\" \/>\r\n\t\t\t\t\t\t\t<\/a>\r\n\t\t<\/div>\r\n\t\t\r\n\t\t<h2 class=\"bdpp-post-title\">\r\n\t\t\t<a href=\"https:\/\/dorfgemeinschaft-bremke.de\/wordpress\/?p=12097\">Fahrradtour 2015<\/a>\r\n\t\t<\/h2>\r\n\r\n\t\t\t\t\t<div class=\"bdpp-post-meta bdpp-post-meta-up\">\r\n\t\t\t\t<span class=\"bdpp-post-meta-data bdpp-post-date\"><i class=\"fa fa-clock-o\"><\/i>17. September 2015<\/span>\t\t\t<\/div>\r\n\t\t\t<\/div>\r\n<\/div><\/div><\/p>\n<\/div><\/div><\/div><\/div><\/div><\/div><div class=\"fsn-text fsn-69e648a32b930\">\n<hr>\n<p>&nbsp;<\/p>\n<\/div><div class=\"fsn-text fsn-69e648a32b937\">\n<p style=\"text-align: center;\"><span style=\"font-size: 18pt;\"><strong>Unsere Fahrradtouren<\/strong><\/span><\/p>\n<\/div><div class=\"fsn-row full-width-row fsn-69e648a32b943 light\" style=\"background-repeat:repeat;background-position:left top;background-attachment:scroll;background-size:auto;\"><div class=\"container-fluid\"><div class=\"row\"><div class=\"col-sm-6\"><div class=\"fsn-column-inner fsn-69e648a32b9ad light\"><div class=\"fsn-text fsn-69e648a32b9ca\">\n<p><span style=\"font-size: 14pt;\">Die Fahrradtouren f\u00fchren die Teilnehmer \u00fcber verschiedene Strecken in der lippischen Hochebene und dem Weserbergland, wo Fahrradfahrer aller Altersgruppen problemlos mitradeln k\u00f6nnen.<\/span><\/p>\n<p><span style=\"font-size: 14pt;\">F\u00fcr l\u00e4ngere Strecken werden mehrere Pausen eingeplant, bei dem ein Begleitfahrzeug Sitzgelegenheiten und Proviant f\u00fcr die Radler bereitstellt.<\/span><\/p>\n<\/div><\/div><\/div><div class=\"col-sm-6\"><div class=\"fsn-column-inner fsn-69e648a32b9dd light\"><div class=\"fsn-text fsn-69e648a32ba22\">\n<p style=\"text-align: center;\"><\/p>\n<\/div><\/div><\/div><\/div><\/div><\/div><div class=\"fsn-text fsn-69e648a32bab6\">\n<hr>\n<p>&nbsp;<\/p>\n<\/div><div class=\"fsn-text fsn-69e648a32babc\">\n<p style=\"text-align: center;\"><span style=\"font-size: 18pt;\"><strong>Stadtradeln<\/strong><\/span><\/p>\n<\/div><div class=\"fsn-row full-width-row fsn-69e648a32bac6 light\" style=\"background-repeat:repeat;background-position:left top;background-attachment:scroll;background-size:auto;\"><div class=\"container-fluid\"><div class=\"row\"><div class=\"col-sm-6\"><div class=\"fsn-column-inner fsn-69e648a32bb2e light\"><div class=\"fsn-text fsn-69e648a32bb49\">\n<p><span style=\"font-size: 14pt;\">Das &#8222;Stadtradeln&#8220; ist eine Kampagne des Klima-B\u00fcndnis mit dem Ziel, den Radverkehr und damit den Klimaschutz zu f\u00f6rdern.<\/span><\/p>\n<p><span style=\"font-size: 14pt;\">Um die Teilnahme an der Aktion zu erh\u00f6hen, forderte Marketing Extertal die verschiedenen Vereine und Ortschaften heraus. Als Preis f\u00fcr das Team mit den meisten Kilometern gab es ein 50-Liter-Fasss Bier oder nicht-alkoholische Getr\u00e4nke im gleichen Gegenwert.<\/span><\/p>\n<p><span style=\"font-size: 14pt;\">Das Team &#8222;Die Bergd\u00f6rfer&#8220; war immer auf den obersten Pl\u00e4tzen mit dabei.<\/span><\/p>\n<\/div><\/div><\/div><div class=\"col-sm-6\"><div class=\"fsn-column-inner fsn-69e648a32bb5c light\"><div class=\"fsn-text fsn-69e648a32bb77\">\n<p style=\"text-align: center;\"><img loading=\"lazy\" decoding=\"async\" class=\"aligncenter size-full wp-image-18023\" src=\"https:\/\/dorfgemeinschaft-bremke.de\/wordpress\/wp-content\/uploads\/2021\/05\/Stadtradeln.png\" alt=\"\" width=\"290\" height=\"78\"><\/p>\n<\/div><div class=\"fsn-text fsn-69e648a32bb7d\">\n<p style=\"text-align: center;\"><span style=\"font-size: 18pt;\"><strong>Stadtradeln 2021<\/strong><\/span><\/p>\n<p style=\"text-align: center;\"><span style=\"font-size: 14pt;\">Platzierung: 2 \/ 15 Teams<\/span><\/p>\n<p style=\"text-align: center;\"><span style=\"font-size: 14pt;\">Aktive Radelnde: 35 Personen<\/span><\/p>\n<p style=\"text-align: center;\"><span style=\"font-size: 14pt;\">Gesamtkilometer: 9.155 km<\/span><\/p>\n<p style=\"text-align: center;\"><span style=\"font-size: 14pt;\">Strecke pro Kopf: 262 km<\/span><\/p>\n<p style=\"text-align: center;\"><span style=\"font-size: 14pt;\">Eingespartes CO2: 1.346 kg<\/span><\/p>\n<p style=\"text-align: center;\">Stand: 11.06.<\/p>\n<\/div><\/div><\/div><\/div><\/div><\/div><\/div><\/div><\/div><\/div><\/div>\n","protected":false},"excerpt":{"rendered":"","protected":false},"author":5,"featured_media":0,"parent":18085,"menu_order":0,"comment_status":"closed","ping_status":"closed","template":"","meta":{"ngg_post_thumbnail":0,"footnotes":""},"class_list":["post-18219","page","type-page","status-publish","hentry","post","post-with-thumbnail","post-with-thumbnail-large"],"_links":{"self":[{"href":"https:\/\/dorfgemeinschaft-bremke.de\/wordpress\/index.php?rest_route=\/wp\/v2\/pages\/18219","targetHints":{"allow":["GET"]}}],"collection":[{"href":"https:\/\/dorfgemeinschaft-bremke.de\/wordpress\/index.php?rest_route=\/wp\/v2\/pages"}],"about":[{"href":"https:\/\/dorfgemeinschaft-bremke.de\/wordpress\/index.php?rest_route=\/wp\/v2\/types\/page"}],"author":[{"embeddable":true,"href":"https:\/\/dorfgemeinschaft-bremke.de\/wordpress\/index.php?rest_route=\/wp\/v2\/users\/5"}],"replies":[{"embeddable":true,"href":"https:\/\/dorfgemeinschaft-bremke.de\/wordpress\/index.php?rest_route=%2Fwp%2Fv2%2Fcomments&post=18219"}],"version-history":[{"count":15,"href":"https:\/\/dorfgemeinschaft-bremke.de\/wordpress\/index.php?rest_route=\/wp\/v2\/pages\/18219\/revisions"}],"predecessor-version":[{"id":18356,"href":"https:\/\/dorfgemeinschaft-bremke.de\/wordpress\/index.php?rest_route=\/wp\/v2\/pages\/18219\/revisions\/18356"}],"up":[{"embeddable":true,"href":"https:\/\/dorfgemeinschaft-bremke.de\/wordpress\/index.php?rest_route=\/wp\/v2\/pages\/18085"}],"wp:attachment":[{"href":"https:\/\/dorfgemeinschaft-bremke.de\/wordpress\/index.php?rest_route=%2Fwp%2Fv2%2Fmedia&parent=18219"}],"curies":[{"name":"wp","href":"https:\/\/api.w.org\/{rel}","templated":true}]}}