{"id":15786,"date":"2019-02-04T17:50:15","date_gmt":"2019-02-04T16:50:15","guid":{"rendered":"http:\/\/dorfgemeinschaft-bremke.de\/wordpress\/?page_id=15786"},"modified":"2021-10-02T18:42:34","modified_gmt":"2021-10-02T16:42:34","slug":"satzung","status":"publish","type":"page","link":"https:\/\/dorfgemeinschaft-bremke.de\/wordpress\/?page_id=15786","title":{"rendered":"Satzung"},"content":{"rendered":"<div class=\"fsn-row full-width-row fsn-69deccb247b41 light\" style=\"background-repeat:repeat;background-position:left top;background-attachment:scroll;background-size:auto;\"><div class=\"container-fluid\"><div class=\"row\"><div class=\"col-sm-12\"><div class=\"fsn-column-inner fsn-69deccb247c2f light\"><div class=\"fsn-text fsn-69deccb247cd1\">\n<h3 style=\"text-align: center;\"><span style=\"font-size: 14pt;\"><strong>SATZUNG DER DORFGEMEINSCHAFT BREMKE E.V.<br \/>\n<\/strong>(Stand 2019)<\/span><\/h3>\n<p>&nbsp;<\/p>\n<p style=\"text-align: center;\"><span style=\"text-decoration: underline;\"><span style=\"font-size: 14pt;\">\u00a71<\/span><\/span><br \/>\n<span style=\"text-decoration: underline;\"><span style=\"font-size: 14pt;\">Name, Sitz, Gesch\u00e4ftsjahr<\/span><\/span><\/p>\n<p><span style=\"font-size: 14pt;\">Der Verein f\u00fchrt den Namen: &#8222;Dorfgemeinschaft Bremke e.V.&#8220; und ist in das Vereinsregister eingetragen worden.<\/span><br \/>\n<span style=\"font-size: 14pt;\">Der Verein hat seinen Sitz in Extertal-Bremke. Das Gesch\u00e4ftsjahr ist das Kalenderjahr.<\/span><\/p>\n<p>&nbsp;<\/p>\n<p style=\"text-align: center;\"><span style=\"text-decoration: underline;\"><span style=\"font-size: 14pt;\">\u00a72<\/span><\/span><br \/>\n<span style=\"text-decoration: underline;\"><span style=\"font-size: 14pt;\">Zweck des Vereins<\/span><\/span><\/p>\n<p><span style=\"font-size: 14pt;\">Der Verein verfolgt ausschlie\u00dflich und unmittelbar gemeinn\u00fctzige Zwecke im Sinne des Abschnitts &#8222;Steuerbeg\u00fcnstigte Zwecke&#8220; der Abgabenordnung.<\/span><br \/>\n<span style=\"font-size: 14pt;\">Die Dorfgemeinschaft bezweckt die F\u00f6rderung der Heimatpflege und Heimatkunde, sowie den Tier- u. Naturschutz und die Landschaftspflege. Hierzu geh\u00f6ren auch die Durchf\u00fchrung von Informationsveranstaltungen und -fahrten und die Denkmalpflege.<\/span><br \/>\n<span style=\"font-size: 14pt;\">Der Verein ist selbstlos t\u00e4tig, er verfolgt nicht in erster Linie eigenwirtschaftliche Zwecke.<\/span><br \/>\n<span style=\"font-size: 14pt;\">Mittel des Vereins d\u00fcrfen nur f\u00fcr die satzungsm\u00e4\u00dfigen Zwecke verwendet werden. Die Mitglieder erhalten keine Zuwendungen aus Mitteln des Vereins. Es darf keine Person durch Ausgaben, die dem Zweck des Vereins fremd sind oder durch unverh\u00e4ltnism\u00e4\u00dfig hohe Verg\u00fctung beg\u00fcnstigt werden.<\/span><br \/>\n<span style=\"font-size: 14pt;\">Bei Aufl\u00f6sung des Vereins oder bei Wegfall eines steuerbeg\u00fcnstigten Zweckes f\u00e4llt das Verm\u00f6gen des Vereins an die Gemeinde Extertal, die es ausschlie\u00dflich und unmittelbar f\u00fcr gemeinn\u00fctzige Zwecke zu verwenden hat, insbesondere im Ortsteil Bremke.<\/span><br \/>\n<span style=\"font-size: 14pt;\">Jeder Beschluss \u00fcber die \u00c4nderung der Satzung ist vor dessen Anmeldung beim Registergericht dem Finanzamt Lemgo vorzulegen.<\/span><\/p>\n<p>&nbsp;<\/p>\n<p style=\"text-align: center;\"><span style=\"text-decoration: underline;\"><span style=\"font-size: 14pt;\">\u00a73<\/span><\/span><br \/>\n<span style=\"text-decoration: underline;\"><span style=\"font-size: 14pt;\">Erwerb der Mitgliedschaft<\/span><\/span><\/p>\n<p><span style=\"font-size: 14pt;\">Als ordentliche Mitglieder k\u00f6nnen dem Verein nat\u00fcrliche Personen, Firmen, sowie Organisationen angeh\u00f6ren, die den Vereinszweck unterst\u00fctzen wollen.<\/span><br \/>\n<span style=\"font-size: 14pt;\">Zu Ehrenmitgliedern kann der Vorstand Personen ernennen, die sich um den Vereinszweck in besonderer Weise verdient gemacht haben.<\/span><\/p>\n<p>&nbsp;<\/p>\n<p style=\"text-align: center;\"><span style=\"text-decoration: underline;\"><span style=\"font-size: 14pt;\">\u00a74<\/span><\/span><br \/>\n<span style=\"text-decoration: underline;\"><span style=\"font-size: 14pt;\">Aufnahme und Austritt<\/span><\/span><\/p>\n<p><span style=\"font-size: 14pt;\">Die Anmeldung erfolgt formlos an den Vorstand. Die Mitgliedschaft endet:<\/span><\/p>\n<p><span style=\"font-size: 14pt;\">a. durch freiwilligen Austritt,<\/span><br \/>\n<span style=\"font-size: 14pt;\">b. durch Tod eines Mitgliedes,<\/span><br \/>\n<span style=\"font-size: 14pt;\">c. durch Ausschluss, \u00fcber den der Vorstand entscheidet.<\/span><\/p>\n<p><span style=\"font-size: 14pt;\">Mit seinem Ausscheiden aus dem Verein verliert das Mitglied alle Rechte am Vereinsverm\u00f6gen.<\/span><\/p>\n<p>&nbsp;<\/p>\n<p style=\"text-align: center;\"><span style=\"text-decoration: underline;\"><span style=\"font-size: 14pt;\">\u00a75<\/span><\/span><br \/>\n<span style=\"text-decoration: underline;\"><span style=\"font-size: 14pt;\">Mitgliedsbeitr\u00e4ge<\/span><\/span><\/p>\n<p><span style=\"font-size: 14pt;\">Von den Mitgliedern werden freiwillige Beitr\u00e4ge erhoben. Die H\u00f6he des Mindestbeitrages und dessen F\u00e4lligkeit werden von der Mitgliederversammlung bestimmt.<\/span><\/p>\n<p>&nbsp;<\/p>\n<p style=\"text-align: center;\"><span style=\"text-decoration: underline;\"><span style=\"font-size: 14pt;\">\u00a76<\/span><\/span><br \/>\n<span style=\"text-decoration: underline;\"><span style=\"font-size: 14pt;\">Organe des Vereins<\/span><\/span><\/p>\n<p><span style=\"font-size: 14pt;\">Organe des Vereins sind:<\/span><\/p>\n<p><span style=\"font-size: 14pt;\">a. Mitgliederversammlung<\/span><br \/>\n<span style=\"font-size: 14pt;\">b. Vorstand<\/span><\/p>\n<p>&nbsp;<\/p>\n<p style=\"text-align: center;\"><span style=\"text-decoration: underline;\"><span style=\"font-size: 14pt;\">\u00a77<\/span><\/span><br \/>\n<span style=\"text-decoration: underline;\"><span style=\"font-size: 14pt;\">Mitgliederversammlung<\/span><\/span><\/p>\n<p><span style=\"font-size: 14pt;\">In der Mitgliederversammlung hat jedes Mitglied eine Stimme. Die Mitgliederversammlung beschlie\u00dft \u00fcber:<\/span><\/p>\n<p><span style=\"font-size: 14pt;\">a. Wahl der Vorstandsmitglieder nach \u00a7 8 und zwei Rechnungspr\u00fcfer,<\/span><br \/>\n<span style=\"font-size: 14pt;\">b. Entgegennahme des Jahresberichts und Entlastung des Vorstands,<\/span><br \/>\n<span style=\"font-size: 14pt;\">c. Festsetzung der H\u00f6he und der F\u00e4lligkeit des Jahresbeitrags,<\/span><br \/>\n<span style=\"font-size: 14pt;\">d. \u00c4nderung der Satzung und Aufl\u00f6sung des Vereins,<\/span><br \/>\n<span style=\"font-size: 14pt;\">e. die Berufung gegen einen Ausschlie\u00dfungsbeschluss des Vorstands.<\/span><\/p>\n<p><span style=\"font-size: 14pt;\">Die ordentliche Mitgliederversammlung findet einmal im Jahr, m\u00f6glichst im ersten Quartal, statt. Sie wird vom Vorstand unter Einhaltung einer Frist von zwei Wochen schriftlich, unter Angabe der Tagesordnung, einberufen. Die Tagesordnung setzt der Vorstand fest. \u00dcber die Annahme der Tagesordnung und deren Erg\u00e4nzung beschlie\u00dft die Mitgliederversammlung. Die Mitgliederversammlung muss ferner einberufen werden, wenn ein Zehntel der Mitglieder dieses fordern. Die Forderung ist schriftlich an ein Mitglied des Vorstands zu richten.<\/span><\/p>\n<p><span style=\"font-size: 14pt;\">Die Mitgliederversammlung ist beschlussf\u00e4hig ohne R\u00fccksicht auf die Zahl der erschienenen Mitglieder. Sie fasst Beschl\u00fcsse im Allgemeinen mit einfacher Mehrheit.<\/span><\/p>\n<p><span style=\"font-size: 14pt;\">\u00dcber die Beschl\u00fcsse der Mitgliederversammlung ist ein Protokoll aufzunehmen, das von dem Protokollf\u00fchrer zu unterzeichnen ist.<\/span><\/p>\n<p>&nbsp;<\/p>\n<p style=\"text-align: center;\"><span style=\"text-decoration: underline;\"><span style=\"font-size: 14pt;\">\u00a78<\/span><\/span><br \/>\n<span style=\"text-decoration: underline;\"><span style=\"font-size: 14pt;\">Der Vorstand<\/span><\/span><\/p>\n<p><span style=\"font-size: 14pt;\">Der Vorstand besteht aus dem 1. Vorsitzenden, dem 2. Vorsitzenden, dem Gesch\u00e4ftsf\u00fchrer, dem Kassenwart und dem Schriftf\u00fchrer.<br \/>\nDer Vorstand wird gerichtlich und au\u00dfergerichtlich durch den 1. Vorsitzenden oder den 2. Vorsitzenden vertreten. Jeder vertritt den Verein einzeln.<br \/>\nDie Funktionen der Vorstandsmitglieder werden in der Gesch\u00e4ftsordnung beschrieben und festgelegt.<\/span><\/p>\n<p><span style=\"font-size: 14pt;\"><br \/>\nWeitere Aufgaben des Vorstands:<\/span><\/p>\n<p><span style=\"font-size: 14pt;\">a. Vorbereitung der Mitgliederversammlung und Aufstellung der Tagesordnungen<br \/>\nb. Einberufung der Mitgliederversammlung<br \/>\nc. Ausf\u00fchrung der Beschl\u00fcsse der Mitgliederversammlung<br \/>\nd. Erstellung eines Jahresberichts<br \/>\ne. Beschlussfassung \u00fcber Ausschluss von Mitgliedern<\/span><\/p>\n<p><span style=\"font-size: 14pt;\"><br \/>\nDer Vorstand wird von der Mitgliederversammlung f\u00fcr 3 Jahre gew\u00e4hlt beginnend:<\/span><\/p>\n<p><span style=\"font-size: 14pt;\">im ersten Jahr, also 2019:<br \/>\n&#8211; dem\/der Gesch\u00e4ftsf\u00fchrer\/-in (Datenschutzbeauftragte\/r)<br \/>\n&#8211; dem\/der Schriftf\u00fchrer\/-in<\/span><\/p>\n<p><span style=\"font-size: 14pt;\">im zweiten Jahr, also 2020:<br \/>\n&#8211; dem\/der 1. Vorsitzenden<br \/>\n&#8211; dem\/der Kassenwart\/-in<\/span><\/p>\n<p><span style=\"font-size: 14pt;\">im dritten Jahr, also 2021:<br \/>\n&#8211; dem\/der 2. Vorsitzenden<\/span><\/p>\n<p><span style=\"font-size: 14pt;\"><br \/>\nIn diesem j\u00e4hrlichen Rhythmus sind die Erg\u00e4nzungswahlen von der Mitgliederversammlung vorzunehmen.<br \/>\nDie Wahl erfolgt mit einfacher Stimmenmehrheit. Die Form der Wahlen bestimmt die Mitgliederversammlung.<br \/>\nDer Vorstand bleibt bis zur Neuwahl im Amt.<br \/>\nW\u00e4hlbar sind nur Vereinsmitglieder.<br \/>\nScheidet ein Mitglied des Vorstands w\u00e4hrend der Amtsperiode aus, so kann der Vorstand ein Ersatzmitglied f\u00fcr die restliche Amtsdauer des Ausgeschiedenen w\u00e4hlen.<br \/>\nWiederwahl und zwischenzeitliche Abwahl durch die Mitgliederversammlung sind zul\u00e4ssig.<\/span><\/p>\n<p><span style=\"font-size: 14pt;\">Der Vorstand fasst seine Beschl\u00fcsse im Allgemeinen in Vorstandssitzungen, die von dem Vorsitzenden in der Regel einberufen werden.<br \/>\nDie anwesenden Vorstandsmitglieder sind nach ordnungsgem\u00e4\u00dfer Einladung beschlussf\u00e4hig.<br \/>\nBei der Beschlussfassung entscheidet die Mehrheit der abgegebenen g\u00fcltigen Stimmen.<br \/>\nDie Beschl\u00fcsse des Vorstands sind niederzuschreiben.<\/span><\/p>\n<p><span style=\"font-size: 14pt;\"><br \/>\nZus\u00e4tzlich wird ein erweiterter Fachvorstand gebildet:<br \/>\nDer Vorstand oder die Mitgliederversammlung benennen dazu Obleute f\u00fcr fachliche Sonderaufgaben.<br \/>\n\u00dcber die Zahl der Mitglieder des Fachvorstands, ihren Aufgabenbereich und ihre Amtsdauer entscheidet der Kernvorstand.<br \/>\n\u00dcber die Bestellung der Mitglieder des Fachvorstands wird in der Mitgliederversammlung berichtet.<br \/>\nDie Mitglieder des Fachvorstands sind nicht vertretungsberechtigt.<\/span><\/p>\n<p>&nbsp;<\/p>\n<p style=\"text-align: center;\"><span style=\"text-decoration: underline;\"><span style=\"font-size: 14pt;\">\u00a79<\/span><\/span><br \/>\n<span style=\"text-decoration: underline;\"><span style=\"font-size: 14pt;\">Aufl\u00f6sung des Vereins<\/span><\/span><\/p>\n<p><span style=\"font-size: 14pt;\">Die Aufl\u00f6sung des Vereins kann nur von einer zu diesem Zweck einberufenen au\u00dferordentlichen Mitgliederversammlung beschlossen werden. Hierzu bedarf es der 2\/3 Mehrheit der abgegebenen Stimmen.<\/span><\/p>\n<p>&nbsp;<\/p>\n<p style=\"text-align: center;\"><span style=\"text-decoration: underline;\"><span style=\"font-size: 14pt;\">\u00a710<\/span><\/span><br \/>\n<span style=\"text-decoration: underline;\"><span style=\"font-size: 14pt;\">Inkrafttreten<\/span><\/span><\/p>\n<p><span style=\"font-size: 14pt;\">Diese Satzung trat am 16. April 1993 in Kraft.<\/span><\/p>\n<\/div><\/div><\/div><\/div><\/div><\/div>\n","protected":false},"excerpt":{"rendered":"","protected":false},"author":5,"featured_media":0,"parent":0,"menu_order":0,"comment_status":"closed","ping_status":"closed","template":"","meta":{"ngg_post_thumbnail":0,"footnotes":""},"class_list":["post-15786","page","type-page","status-publish","hentry","post"],"_links":{"self":[{"href":"https:\/\/dorfgemeinschaft-bremke.de\/wordpress\/index.php?rest_route=\/wp\/v2\/pages\/15786","targetHints":{"allow":["GET"]}}],"collection":[{"href":"https:\/\/dorfgemeinschaft-bremke.de\/wordpress\/index.php?rest_route=\/wp\/v2\/pages"}],"about":[{"href":"https:\/\/dorfgemeinschaft-bremke.de\/wordpress\/index.php?rest_route=\/wp\/v2\/types\/page"}],"author":[{"embeddable":true,"href":"https:\/\/dorfgemeinschaft-bremke.de\/wordpress\/index.php?rest_route=\/wp\/v2\/users\/5"}],"replies":[{"embeddable":true,"href":"https:\/\/dorfgemeinschaft-bremke.de\/wordpress\/index.php?rest_route=%2Fwp%2Fv2%2Fcomments&post=15786"}],"version-history":[{"count":15,"href":"https:\/\/dorfgemeinschaft-bremke.de\/wordpress\/index.php?rest_route=\/wp\/v2\/pages\/15786\/revisions"}],"predecessor-version":[{"id":18299,"href":"https:\/\/dorfgemeinschaft-bremke.de\/wordpress\/index.php?rest_route=\/wp\/v2\/pages\/15786\/revisions\/18299"}],"wp:attachment":[{"href":"https:\/\/dorfgemeinschaft-bremke.de\/wordpress\/index.php?rest_route=%2Fwp%2Fv2%2Fmedia&parent=15786"}],"curies":[{"name":"wp","href":"https:\/\/api.w.org\/{rel}","templated":true}]}}