{"id":11893,"date":"2015-04-26T00:53:43","date_gmt":"2015-04-25T22:53:43","guid":{"rendered":"http:\/\/192.168.0.16\/wordpress\/?page_id=11893"},"modified":"2021-10-02T18:06:36","modified_gmt":"2021-10-02T16:06:36","slug":"beitritt","status":"publish","type":"page","link":"https:\/\/dorfgemeinschaft-bremke.de\/wordpress\/?page_id=11893","title":{"rendered":"Beitritt"},"content":{"rendered":"<div class=\"fsn-row full-width-row fsn-6a04d2c1d9896 light\" style=\"background-repeat:repeat;background-position:left top;background-attachment:scroll;background-size:auto;\"><div class=\"container-fluid\"><div class=\"row\"><div class=\"col-sm-12\"><div class=\"fsn-column-inner fsn-6a04d2c1d990e light\"><div class=\"fsn-text fsn-6a04d2c1d9964\">\n<p><span style=\"font-size: 14pt;\">Sie m\u00f6chten in die Dorfgemeinschaft Bremke e.V. eintreten?<\/span><\/p>\n<p><span style=\"font-size: 14pt;\">Dann drucken Sie sich doch einfach das entsprechende Formular hier aus und schicken uns dieses&nbsp;unterschrieben per Post zu oder geben es pers\u00f6nlich bei einem der Vorstandsmitglieder ab. Wir werden Ihren Antrag so schnell wie m\u00f6glich bearbeiten.<\/span><\/p>\n<p><span style=\"font-size: 14pt;\"><a href=\"http:\/\/dorfgemeinschaft-bremke.de\/wordpress\/wp-content\/uploads\/2017\/09\/Beitrittserkl\u00e4rung.pdf\" target=\"_blank\" rel=\"noopener noreferrer\">Beitrittserkl\u00e4rung mit Einverst\u00e4ndnis f\u00fcr Fotos<\/a><\/span><\/p>\n<p>&nbsp;<\/p>\n<p><span style=\"font-size: 14pt;\">Von jedem Mitglied ben\u00f6tigen wir eine Einverst\u00e4ndniserkl\u00e4rung zur Ver\u00f6ffentlichung von Fotos.<\/span><br \/>\n<span style=\"font-size: 14pt;\"> Wir bitten Sie dieses Formular zus\u00e4tzlich zur Beitrittserkl\u00e4rung auszudrucken und zu unterschreiben.<\/span><br \/>\n<span style=\"font-size: 14pt;\"> F\u00fcr jedes Mitglied m\u00fcsste ein separates Formular ausgedruckt werden. Bei Minderj\u00e4hrigen erbitten wir die Unterschrift eines Erziehungsberechtigten.<\/span><br \/>\n<span style=\"font-size: 14pt;\"> Bei \u00c4nderungen soll sich der Betroffene bitte an den Vorstand wenden.<\/span><\/p>\n<p><span style=\"font-size: 14pt;\"><a href=\"http:\/\/dorfgemeinschaft-bremke.de\/wordpress\/wp-content\/uploads\/2017\/09\/Einverst\u00e4ndnis-Fotos.pdf\">Einverst\u00e4ndnis f\u00fcr Fotos<\/a><\/span><\/p>\n<p>&nbsp;<\/p>\n<p><span style=\"font-size: 14pt;\">Wir w\u00fcrden uns \u00fcber Ihre zuk\u00fcnftige Mitgliedschaft sehr freuen!<\/span><\/p>\n<\/div><\/div><\/div><\/div><\/div><\/div>\n","protected":false},"excerpt":{"rendered":"","protected":false},"author":1,"featured_media":0,"parent":0,"menu_order":0,"comment_status":"open","ping_status":"open","template":"","meta":{"ngg_post_thumbnail":0,"footnotes":""},"class_list":["post-11893","page","type-page","status-publish","hentry","post"],"_links":{"self":[{"href":"https:\/\/dorfgemeinschaft-bremke.de\/wordpress\/index.php?rest_route=\/wp\/v2\/pages\/11893","targetHints":{"allow":["GET"]}}],"collection":[{"href":"https:\/\/dorfgemeinschaft-bremke.de\/wordpress\/index.php?rest_route=\/wp\/v2\/pages"}],"about":[{"href":"https:\/\/dorfgemeinschaft-bremke.de\/wordpress\/index.php?rest_route=\/wp\/v2\/types\/page"}],"author":[{"embeddable":true,"href":"https:\/\/dorfgemeinschaft-bremke.de\/wordpress\/index.php?rest_route=\/wp\/v2\/users\/1"}],"replies":[{"embeddable":true,"href":"https:\/\/dorfgemeinschaft-bremke.de\/wordpress\/index.php?rest_route=%2Fwp%2Fv2%2Fcomments&post=11893"}],"version-history":[{"count":18,"href":"https:\/\/dorfgemeinschaft-bremke.de\/wordpress\/index.php?rest_route=\/wp\/v2\/pages\/11893\/revisions"}],"predecessor-version":[{"id":18291,"href":"https:\/\/dorfgemeinschaft-bremke.de\/wordpress\/index.php?rest_route=\/wp\/v2\/pages\/11893\/revisions\/18291"}],"wp:attachment":[{"href":"https:\/\/dorfgemeinschaft-bremke.de\/wordpress\/index.php?rest_route=%2Fwp%2Fv2%2Fmedia&parent=11893"}],"curies":[{"name":"wp","href":"https:\/\/api.w.org\/{rel}","templated":true}]}}